{"id":13106,"date":"2025-11-20T10:16:16","date_gmt":"2025-11-20T09:16:16","guid":{"rendered":"https:\/\/www.grupobodegasolarra.com\/?post_type=product&#038;p=13106"},"modified":"2025-11-20T11:55:21","modified_gmt":"2025-11-20T10:55:21","slug":"christmas-pack25-1","status":"publish","type":"product","link":"https:\/\/www.grupobodegasolarra.com\/en\/tienda\/promocion-en\/christmas-pack25-1\/","title":{"rendered":"Christmas Pack I"},"content":{"rendered":"","protected":false},"excerpt":{"rendered":"<p>6 x Cerro A\u00f1\u00f3n Reserva 2019<br \/>\n6 x Cerro A\u00f1\u00f3n Crianza 2022<br \/>\n6 x Gran Selecci\u00f3n Reserva 2019<br \/>\n6 x Gran Selecci\u00f3n Crianza 2021<\/p>\n","protected":false},"featured_media":13108,"template":"","meta":{"_acf_changed":false},"product_cat":[420],"product_tag":[],"class_list":{"0":"post-13106","1":"product","2":"type-product","3":"status-publish","4":"has-post-thumbnail","6":"product_cat-promocion-en","8":"first","9":"instock","10":"taxable","11":"shipping-taxable","12":"purchasable","13":"product-type-bundle"},"bundled_by":[],"bundle_stock_status":"instock","bundle_stock_quantity":"","bundle_virtual":false,"bundle_layout":"grid","bundle_add_to_cart_form_location":"default","bundle_editable_in_cart":false,"bundle_sold_individually_context":"product","bundle_item_grouping":"noindent","bundle_min_size":"","bundle_max_size":"","bundle_price":{"price":{"min":{"incl_tax":"159","excl_tax":"131.404959"},"max":{"incl_tax":"159","excl_tax":"131.404959"}},"regular_price":{"min":{"incl_tax":"159","excl_tax":"131.404959"},"max":{"incl_tax":"159","excl_tax":"131.404959"}}},"bundled_items":[{"bundled_item_id":550,"product_id":1698,"menu_order":0,"quantity_min":6,"quantity_max":6,"quantity_default":6,"priced_individually":false,"shipped_individually":false,"override_title":false,"title":"Cerro A\u00f1\u00f3n Reserva","override_description":false,"description":"Cerro A\u00f1\u00f3n Reserva","optional":false,"hide_thumbnail":false,"discount":"","override_variations":true,"allowed_variations":[7147],"override_default_variation_attributes":true,"default_variation_attributes":[{"id":2,"name":"FORMATOS DE COMPRA","option":"1-botella-en"}],"single_product_visibility":"visible","cart_visibility":"visible","order_visibility":"visible","single_product_price_visibility":"visible","cart_price_visibility":"visible","order_price_visibility":"visible","stock_status":"in_stock"},{"bundled_item_id":551,"product_id":6059,"menu_order":1,"quantity_min":6,"quantity_max":6,"quantity_default":6,"priced_individually":false,"shipped_individually":false,"override_title":false,"title":"Gran Selecci\u00f3n Reserva","override_description":false,"description":"Gran Selecci\u00f3n Reserva","optional":false,"hide_thumbnail":false,"discount":"","override_variations":true,"allowed_variations":[6079],"override_default_variation_attributes":true,"default_variation_attributes":[{"id":2,"name":"FORMATOS DE COMPRA","option":"1-botella-en"}],"single_product_visibility":"visible","cart_visibility":"visible","order_visibility":"visible","single_product_price_visibility":"visible","cart_price_visibility":"visible","order_price_visibility":"visible","stock_status":"in_stock"}],"bundle_sell_ids":[],"acf":[],"_links":{"self":[{"href":"https:\/\/www.grupobodegasolarra.com\/en\/wp-json\/wp\/v2\/product\/13106","targetHints":{"allow":["GET"]}}],"collection":[{"href":"https:\/\/www.grupobodegasolarra.com\/en\/wp-json\/wp\/v2\/product"}],"about":[{"href":"https:\/\/www.grupobodegasolarra.com\/en\/wp-json\/wp\/v2\/types\/product"}],"wp:featuredmedia":[{"embeddable":true,"href":"https:\/\/www.grupobodegasolarra.com\/en\/wp-json\/wp\/v2\/media\/13108"}],"wp:attachment":[{"href":"https:\/\/www.grupobodegasolarra.com\/en\/wp-json\/wp\/v2\/media?parent=13106"}],"wp:term":[{"taxonomy":"product_cat","embeddable":true,"href":"https:\/\/www.grupobodegasolarra.com\/en\/wp-json\/wp\/v2\/product_cat?post=13106"},{"taxonomy":"product_tag","embeddable":true,"href":"https:\/\/www.grupobodegasolarra.com\/en\/wp-json\/wp\/v2\/product_tag?post=13106"}],"curies":[{"name":"wp","href":"https:\/\/api.w.org\/{rel}","templated":true}]}}