{"id":13486,"date":"2026-03-02T18:31:14","date_gmt":"2026-03-02T17:31:14","guid":{"rendered":"https:\/\/www.grupobodegasolarra.com\/?post_type=product&#038;p=13486"},"modified":"2026-03-03T13:46:49","modified_gmt":"2026-03-03T12:46:49","slug":"fathers-day-pack-2026","status":"publish","type":"product","link":"https:\/\/www.grupobodegasolarra.com\/en\/tienda\/promocion-en\/fathers-day-pack-2026\/","title":{"rendered":"Father&#8217;s Day pack 2026"},"content":{"rendered":"","protected":false},"excerpt":{"rendered":"<p style=\"text-align: center;\">6 x Se\u00f1or\u00edo de Ondarre Reserva 2019<br \/>\n12 x Gran Selecci\u00f3n Crianza 2020<br \/>\n+<br \/>\n<strong><span style=\"color: #ff0000;\">Gift<br \/>\n1 x Magnum Cerro A\u00f1\u00f3n Crianza 2021<\/span><\/strong><\/p>\n","protected":false},"featured_media":13497,"template":"","meta":{"_acf_changed":false},"product_cat":[420],"product_tag":[],"class_list":{"0":"post-13486","1":"product","2":"type-product","3":"status-publish","4":"has-post-thumbnail","6":"product_cat-promocion-en","8":"first","9":"instock","10":"taxable","11":"shipping-taxable","12":"purchasable","13":"product-type-bundle"},"bundled_by":[],"bundle_stock_status":"instock","bundle_stock_quantity":0,"bundle_virtual":false,"bundle_layout":"grid","bundle_add_to_cart_form_location":"default","bundle_editable_in_cart":false,"bundle_sold_individually_context":"product","bundle_item_grouping":"noindent","bundle_min_size":"","bundle_max_size":"","bundle_price":{"price":{"min":{"incl_tax":"135","excl_tax":"111.570248"},"max":{"incl_tax":"135","excl_tax":"111.570248"}},"regular_price":{"min":{"incl_tax":"135","excl_tax":"111.570248"},"max":{"incl_tax":"135","excl_tax":"111.570248"}}},"bundled_items":[{"bundled_item_id":576,"product_id":4911,"menu_order":0,"quantity_min":6,"quantity_max":6,"quantity_default":6,"priced_individually":false,"shipped_individually":false,"override_title":false,"title":"Cerro A\u00f1\u00f3n Crianza","override_description":false,"description":"Cerro A\u00f1\u00f3n Crianza","optional":false,"hide_thumbnail":false,"discount":"","override_variations":true,"allowed_variations":[7150],"override_default_variation_attributes":true,"default_variation_attributes":[{"id":2,"name":"FORMATOS DE COMPRA","option":"1-botella-en"}],"single_product_visibility":"hidden","cart_visibility":"hidden","order_visibility":"hidden","single_product_price_visibility":"visible","cart_price_visibility":"visible","order_price_visibility":"visible","stock_status":"in_stock"},{"bundled_item_id":584,"product_id":4911,"menu_order":1,"quantity_min":6,"quantity_max":6,"quantity_default":6,"priced_individually":false,"shipped_individually":false,"override_title":false,"title":"Cerro A\u00f1\u00f3n Crianza","override_description":false,"description":null,"optional":false,"hide_thumbnail":false,"discount":"","override_variations":true,"allowed_variations":[7150],"override_default_variation_attributes":true,"default_variation_attributes":[{"id":2,"name":"FORMATOS DE COMPRA","option":"1-botella-en"}],"single_product_visibility":"hidden","cart_visibility":"hidden","order_visibility":"hidden","single_product_price_visibility":"visible","cart_price_visibility":"visible","order_price_visibility":"visible","stock_status":"in_stock"},{"bundled_item_id":585,"product_id":3875,"menu_order":2,"quantity_min":12,"quantity_max":12,"quantity_default":12,"priced_individually":false,"shipped_individually":false,"override_title":false,"title":"Club Gran Selecci\u00f3n Crianza","override_description":false,"description":"Club Gran Selecci\u00f3n Crianza","optional":false,"hide_thumbnail":false,"discount":"","override_variations":true,"allowed_variations":[6083],"override_default_variation_attributes":true,"default_variation_attributes":[{"id":2,"name":"FORMATOS DE COMPRA","option":"1-botella-en"}],"single_product_visibility":"hidden","cart_visibility":"hidden","order_visibility":"hidden","single_product_price_visibility":"visible","cart_price_visibility":"visible","order_price_visibility":"visible","stock_status":"in_stock"}],"bundle_sell_ids":[],"acf":[],"_links":{"self":[{"href":"https:\/\/www.grupobodegasolarra.com\/en\/wp-json\/wp\/v2\/product\/13486","targetHints":{"allow":["GET"]}}],"collection":[{"href":"https:\/\/www.grupobodegasolarra.com\/en\/wp-json\/wp\/v2\/product"}],"about":[{"href":"https:\/\/www.grupobodegasolarra.com\/en\/wp-json\/wp\/v2\/types\/product"}],"wp:featuredmedia":[{"embeddable":true,"href":"https:\/\/www.grupobodegasolarra.com\/en\/wp-json\/wp\/v2\/media\/13497"}],"wp:attachment":[{"href":"https:\/\/www.grupobodegasolarra.com\/en\/wp-json\/wp\/v2\/media?parent=13486"}],"wp:term":[{"taxonomy":"product_cat","embeddable":true,"href":"https:\/\/www.grupobodegasolarra.com\/en\/wp-json\/wp\/v2\/product_cat?post=13486"},{"taxonomy":"product_tag","embeddable":true,"href":"https:\/\/www.grupobodegasolarra.com\/en\/wp-json\/wp\/v2\/product_tag?post=13486"}],"curies":[{"name":"wp","href":"https:\/\/api.w.org\/{rel}","templated":true}]}}