{"id":13569,"date":"2026-04-21T17:04:05","date_gmt":"2026-04-21T15:04:05","guid":{"rendered":"https:\/\/www.grupobodegasolarra.com\/?post_type=product&#038;p=13569"},"modified":"2026-04-24T10:52:42","modified_gmt":"2026-04-24T08:52:42","slug":"spring-offer-26","status":"publish","type":"product","link":"https:\/\/www.grupobodegasolarra.com\/en\/tienda\/sin-categorizar-en\/spring-offer-26\/","title":{"rendered":"Spring Offer"},"content":{"rendered":"","protected":false},"excerpt":{"rendered":"<p style=\"text-align: center;\">12 x Cerro A\u00f1\u00f3n Crianza 2022<br \/>\n12 x Gran Selecci\u00f3n Reserva 2020<\/p>\n","protected":false},"featured_media":13571,"template":"","meta":{"_acf_changed":false},"product_cat":[198],"product_tag":[],"class_list":{"0":"post-13569","1":"product","2":"type-product","3":"status-publish","4":"has-post-thumbnail","6":"product_cat-sin-categorizar-en","8":"first","9":"instock","10":"taxable","11":"shipping-taxable","12":"purchasable","13":"product-type-bundle"},"bundled_by":[],"bundle_stock_status":"instock","bundle_stock_quantity":"","bundle_virtual":false,"bundle_layout":"grid","bundle_add_to_cart_form_location":"default","bundle_editable_in_cart":false,"bundle_sold_individually_context":"product","bundle_item_grouping":"noindent","bundle_min_size":"","bundle_max_size":"","bundle_price":{"price":{"min":{"incl_tax":"149","excl_tax":"123.140496"},"max":{"incl_tax":"149","excl_tax":"123.140496"}},"regular_price":{"min":{"incl_tax":"149","excl_tax":"123.140496"},"max":{"incl_tax":"149","excl_tax":"123.140496"}}},"bundled_items":[{"bundled_item_id":589,"product_id":4911,"menu_order":0,"quantity_min":12,"quantity_max":12,"quantity_default":12,"priced_individually":false,"shipped_individually":false,"override_title":false,"title":"Cerro A\u00f1\u00f3n Crianza","override_description":false,"description":"Cerro A\u00f1\u00f3n Crianza","optional":false,"hide_thumbnail":false,"discount":"","override_variations":true,"allowed_variations":[7150],"override_default_variation_attributes":true,"default_variation_attributes":[{"id":2,"name":"FORMATOS DE COMPRA","option":"1-botella-en"}],"single_product_visibility":"hidden","cart_visibility":"hidden","order_visibility":"hidden","single_product_price_visibility":"visible","cart_price_visibility":"visible","order_price_visibility":"visible","stock_status":"in_stock"}],"bundle_sell_ids":[],"acf":[],"_links":{"self":[{"href":"https:\/\/www.grupobodegasolarra.com\/en\/wp-json\/wp\/v2\/product\/13569","targetHints":{"allow":["GET"]}}],"collection":[{"href":"https:\/\/www.grupobodegasolarra.com\/en\/wp-json\/wp\/v2\/product"}],"about":[{"href":"https:\/\/www.grupobodegasolarra.com\/en\/wp-json\/wp\/v2\/types\/product"}],"wp:featuredmedia":[{"embeddable":true,"href":"https:\/\/www.grupobodegasolarra.com\/en\/wp-json\/wp\/v2\/media\/13571"}],"wp:attachment":[{"href":"https:\/\/www.grupobodegasolarra.com\/en\/wp-json\/wp\/v2\/media?parent=13569"}],"wp:term":[{"taxonomy":"product_cat","embeddable":true,"href":"https:\/\/www.grupobodegasolarra.com\/en\/wp-json\/wp\/v2\/product_cat?post=13569"},{"taxonomy":"product_tag","embeddable":true,"href":"https:\/\/www.grupobodegasolarra.com\/en\/wp-json\/wp\/v2\/product_tag?post=13569"}],"curies":[{"name":"wp","href":"https:\/\/api.w.org\/{rel}","templated":true}]}}